{"id":845,"date":"2023-02-27T09:03:43","date_gmt":"2023-02-27T09:03:43","guid":{"rendered":"https:\/\/wpriverthemes.com\/earnaelem\/?page_id=845"},"modified":"2024-04-23T11:01:14","modified_gmt":"2024-04-23T09:01:14","slug":"audyt","status":"publish","type":"page","link":"http:\/\/bochniakancelaria.pl\/","title":{"rendered":"Kancelaria Rachunkowa Ma\u0142gorzata Bochnia"},"content":{"rendered":"\t\t<div data-elementor-type=\"wp-page\" data-elementor-id=\"845\" class=\"elementor elementor-845\">\n\t\t\t\t\t\t<section class=\"elementor-section elementor-top-section elementor-element elementor-element-754e888 elementor-section-full_width elementor-section-height-default elementor-section-height-default\" data-id=\"754e888\" data-element_type=\"section\">\n\t\t\t\t\t\t<div class=\"elementor-container elementor-column-gap-no\">\n\t\t\t\t\t<div class=\"elementor-column elementor-col-100 elementor-top-column elementor-element elementor-element-324f603\" data-id=\"324f603\" data-element_type=\"column\">\n\t\t\t<div class=\"elementor-widget-wrap elementor-element-populated\">\n\t\t\t\t\t\t<div class=\"elementor-element elementor-element-3358e34 elementor-widget elementor-widget-hero5\" data-id=\"3358e34\" data-element_type=\"widget\" data-widget_type=\"hero5.default\">\n\t\t\t\t<div class=\"elementor-widget-container\">\n\t\t\t\n    <!-- Start Banner \n============================================= -->\n<div class=\"banner-area text-default auto-height\">\n    <div class=\"fixed-shape\" style=\"background-image: url(https:\/\/wpriverthemes.com\/earnaelem\/wp-content\/uploads\/2023\/02\/2-5.jpg);\"><\/div>\n    <div id=\"bootcarousel\" class=\"carousel slide carousel-fade animate_text\" data-ride=\"carousel\">\n\n        <!-- Wrapper for slides -->\n        <div class=\"carousel-inner\">\n                        <div class=\"carousel-item active\">\n                <div class=\"box-table\">\n                    <div class=\"box-cell\">\n                        <div class=\"container\">\n                            <div class=\"row align-center\">\n                                <div class=\"col-lg-6\">\n                                    <div class=\"content\">\n                                        <h4 data-animation=\"animated slideInLeft\">Kancelaria Rachunkowa Ma\u0142gorzata Bochnia<\/h4>\n                                        <h2 data-animation=\"animated slideInRight\">Audyt, podatki, sprawozdania finansowe, ksi\u0119gowo\u015b\u0107<\/h2>\n                                                                                <a data-animation=\"animated slideInLeft\" class=\"btn btn-gradient effect btn-md\" href=\"#service\">Dowiedz si\u0119 wi\u0119cej<\/a>\n                                                                            <\/div>\n                                <\/div>\n                                <div class=\"col-lg-6 thumb\">\n                                    <div class=\"shape-thumb\" data-animation=\"animated slideInUp\">\n                                        <img decoding=\"async\" src=\"http:\/\/bochniakancelaria.pl\/wp-content\/uploads\/2024\/04\/mb_bez_tla-1.png\" alt=\"Thumb\">\n                                    <\/div>\n                                <\/div>\n                            <\/div>\n                        <\/div>\n                    <\/div>\n                <\/div>\n            <\/div>\n                    <\/div>\n        <!-- End Wrapper for slides -->\n\n        <!-- Left and right controls -->\n        <a class=\"left carousel-control light-bg\" href=\"#bootcarousel\" data-slide=\"prev\">\n            <i class=\"fa fa-angle-left\"><\/i>\n            <span class=\"sr-only\">Previous<\/span>\n        <\/a>\n        <a class=\"right carousel-control light-bg\" href=\"#bootcarousel\" data-slide=\"next\">\n            <i class=\"fa fa-angle-right\"><\/i>\n            <span class=\"sr-only\">Next<\/span>\n        <\/a>\n\n    <\/div>\n<\/div>\n<!-- End Banner -->\n\n    \t\t<\/div>\n\t\t\t\t<\/div>\n\t\t\t\t<div class=\"elementor-element elementor-element-77fc9cd elementor-widget elementor-widget-about1\" data-id=\"77fc9cd\" data-element_type=\"widget\" data-widget_type=\"about1.default\">\n\t\t\t\t<div class=\"elementor-widget-container\">\n\t\t\t\n        <!-- Start About \n============================================= -->\n<div class=\"about-us-area default-padding bg-gray\">\n    <div class=\"container\">\n        <div class=\"about-items\">\n            <div class=\"row align-center\">\n                <div class=\"col-lg-6\">\n                    <div class=\"thumb\">\n                        <img decoding=\"async\" src=\"http:\/\/bochniakancelaria.pl\/wp-content\/uploads\/2023\/02\/7-1.jpg\" alt=\"Thumb\">\n                        <h2><strong>30+<\/strong> lat <br> do\u015bwiadczenia<\/h2>\n                    <\/div>\n                <\/div>\n                <div class=\"col-lg-6 info\">\n                    <h2>Skrojone na miar\u0119 doradztwo finansowe dla Twojego biznesu<\/h2>\n                    <p>\n                        Jeste\u015bmy do\u015bwiadczonymi konsultantami, od wielu lat zajmuj\u0105cymi si\u0119 obs\u0142ug\u0105 rachunkow\u0105 i finansow\u0105 ma\u0142ych, \u015brednich i du\u017cych przedsi\u0119biorstw. Dzia\u0142amy na zasadzie outsourcingu, dlatego te\u017c najwa\u017cniejszy jest dla nas klient i w\u0142a\u015bciwa realizacja jego potrzeb. Takie podej\u015bcie, jak i ci\u0105g\u0142e wzbogacanie wiedzy oraz umiej\u0119tno\u015bci, zaowocowa\u0142o szerokim wachlarzem us\u0142ug, kt\u00f3re wychodz\u0105 naprzeciw Pa\u0144stwa oczekiwaniom. \n\nNasza firma jest wpisana na list\u0119 firm audytorskich prowadzon\u0105 przez Polsk\u0105 Agencj\u0119 Nadzoru Audytowego pod numerem 4193. Posiadamy ubezpieczenie odpowiedzialno\u015bci cywilnej.                    <\/p>\n                    <ul>\n                                            <li>Bogate do\u015bwiadczenie<\/li>\n                                                <li>Indywidualne podej\u015bcie do klienta <\/li>\n                                                <li>Lista firm audytorskich PANA (nr 4193)<\/li>\n                                            <\/ul>\n                    <div class=\"author\">\n                        <div class=\"signature\">\n                            <img decoding=\"async\" src=\"http:\/\/bochniakancelaria.pl\/wp-content\/uploads\/2024\/04\/mb_bez_tla-1.png\" alt=\"signature\">\n                        <\/div>\n                        <div class=\"intro\">\n                            <h5>Ma\u0142gorzata Bochnia<\/h5>\n                            <span>Bieg\u0142y rewident (nr 12022)<\/span>\n                        <\/div>\n                    <\/div>\n                <\/div>\n            <\/div>\n        <\/div>\n    <\/div>\n<\/div>\n<!-- End About Area -->\n\n    \t\t<\/div>\n\t\t\t\t<\/div>\n\t\t\t\t\t<\/div>\n\t\t<\/div>\n\t\t\t\t\t<\/div>\n\t\t<\/section>\n\t\t\t\t<section class=\"elementor-section elementor-top-section elementor-element elementor-element-f9c855a elementor-section-full_width elementor-section-height-default elementor-section-height-default\" data-id=\"f9c855a\" data-element_type=\"section\">\n\t\t\t\t\t\t<div class=\"elementor-container elementor-column-gap-no\">\n\t\t\t\t\t<div class=\"elementor-column elementor-col-100 elementor-top-column elementor-element elementor-element-5d68aff\" data-id=\"5d68aff\" data-element_type=\"column\">\n\t\t\t<div class=\"elementor-widget-wrap elementor-element-populated\">\n\t\t\t\t\t\t<div class=\"elementor-element elementor-element-d4c49f2 elementor-widget elementor-widget-service5\" data-id=\"d4c49f2\" data-element_type=\"widget\" id=\"service\" data-widget_type=\"service5.default\">\n\t\t\t\t<div class=\"elementor-widget-container\">\n\t\t\t\n       <!-- Star Services Area\n============================================= -->\n<div class=\"thumbs-services-area bg-dark text-light default-padding\">\n        <div class=\"container\">\n        <div class=\"row\">\n            <div class=\"col-lg-8 offset-lg-2\">\n                <div class=\"site-heading text-center\">\n                    <h4>Nasze Us\u0142ugi<\/h4>\n                    <h2>W czym mo\u017cemy pom\u00f3c?<\/h2>\n                    <div class=\"devider\"><\/div>\n                <\/div>\n            <\/div>\n        <\/div>\n    <\/div>\n        <div class=\"container\">\n        <!-- Start Services Items -->\n        <div class=\"services-content\">\n            <div class=\"row\">\n                <div class=\"col-lg-12\">\n                    <div class=\"thumb-services-carousel owl-carousel owl-theme\">\n                                                <!-- Single Item -->\n                        <div class=\"item\">\n                            <img decoding=\"async\" src=\"http:\/\/bochniakancelaria.pl\/wp-content\/uploads\/2023\/02\/4-5.jpg\" alt=\"Thumb\">\n                            <div class=\"info\">\n                                <h4><a href=\"#service\">Audyt<\/a><\/h4>\n                                <p>\n                                    Badanie sprawozda\u0144 finansowych s\u0142u\u017cy uwiarygodnieniu informacji finansowych zawartych w sprawozdaniu firmy.                                 <\/p>\n                                <a href=\"#service\">Kontakt <i class=\"fas fa-angle-right\"><\/i><\/a>\n                            <\/div>\n                        <\/div>\n                        <!-- End Single Item -->\n                                                <!-- Single Item -->\n                        <div class=\"item\">\n                            <img decoding=\"async\" src=\"http:\/\/bochniakancelaria.pl\/wp-content\/uploads\/2023\/02\/5-4.jpg\" alt=\"Thumb\">\n                            <div class=\"info\">\n                                <h4><a href=\"#service\">Doradztwo podatkowe<\/a><\/h4>\n                                <p>\n                                    Udzielanie klientom porad w zakresie podatku dochodowego od os\u00f3b prawnych oraz os\u00f3b fizycznych, a tak\u017ce podatku od towar\u00f3w i us\u0142ug.                                 <\/p>\n                                <a href=\"#service\">Kontakt <i class=\"fas fa-angle-right\"><\/i><\/a>\n                            <\/div>\n                        <\/div>\n                        <!-- End Single Item -->\n                                                <!-- Single Item -->\n                        <div class=\"item\">\n                            <img decoding=\"async\" src=\"http:\/\/bochniakancelaria.pl\/wp-content\/uploads\/2023\/02\/6-4.jpg\" alt=\"Thumb\">\n                            <div class=\"info\">\n                                <h4><a href=\"#service\">Prowadzenie ksi\u0105g rachunkowych<\/a><\/h4>\n                                <p>\n                                    Stworzenie pe\u0142nego obrazu firmy poprzez ewidencj\u0119 koszt\u00f3w, przychod\u00f3w, przep\u0142yw\u00f3w pieni\u0119\u017cnych a tak\u017ce rozlicze\u0144 podatkowych                                <\/p>\n                                <a href=\"#service\">Kontakt <i class=\"fas fa-angle-right\"><\/i><\/a>\n                            <\/div>\n                        <\/div>\n                        <!-- End Single Item -->\n                                                <!-- Single Item -->\n                        <div class=\"item\">\n                            <img decoding=\"async\" src=\"http:\/\/bochniakancelaria.pl\/wp-content\/uploads\/2023\/02\/7-1.jpg\" alt=\"Thumb\">\n                            <div class=\"info\">\n                                <h4><a href=\"#service\">Inne<\/a><\/h4>\n                                <p>\n                                    Ksi\u0119gowo\u015b\u0107, controling, ocena projekt\u00f3w inwestycyjnych, ceny transferowe, rozliczenia specjalnych stref gospodarczych, \u015brodki unijne, doradztwo gospodarcze, kadry i p\u0142ace\n                                <\/p>\n                                <a href=\"#service\">Kontakt <i class=\"fas fa-angle-right\"><\/i><\/a>\n                            <\/div>\n                        <\/div>\n                        <!-- End Single Item -->\n                                            <\/div>\n                <\/div>\n            <\/div>\n        <\/div>\n        <!-- End Services Items -->\n    <\/div>\n<\/div>\n<!-- End Services Area -->\n\n    \t\t<\/div>\n\t\t\t\t<\/div>\n\t\t\t\t\t<\/div>\n\t\t<\/div>\n\t\t\t\t\t<\/div>\n\t\t<\/section>\n\t\t\t\t<\/div>\n\t\t","protected":false},"excerpt":{"rendered":"<p>Kancelaria Rachunkowa Ma\u0142gorzata Bochnia Audyt, podatki, sprawozdania finansowe, ksi\u0119gowo\u015b\u0107 Dowiedz si\u0119 wi\u0119cej Previous Next 30+ lat do\u015bwiadczenia Skrojone na miar\u0119 doradztwo finansowe dla Twojego biznesu Jeste\u015bmy do\u015bwiadczonymi konsultantami, od wielu lat zajmuj\u0105cymi si\u0119 obs\u0142ug\u0105 rachunkow\u0105 i finansow\u0105 ma\u0142ych, \u015brednich i du\u017cych przedsi\u0119biorstw. Dzia\u0142amy na zasadzie outsourcingu, dlatego te\u017c najwa\u017cniejszy jest dla nas klient i w\u0142a\u015bciwa [&hellip;]<\/p>\n","protected":false},"author":2,"featured_media":18,"parent":0,"menu_order":0,"comment_status":"closed","ping_status":"closed","template":"page-templates\/home5.php","meta":{"_monsterinsights_skip_tracking":false,"_monsterinsights_sitenote_active":false,"_monsterinsights_sitenote_note":"","_monsterinsights_sitenote_category":0,"footnotes":""},"class_list":["post-845","page","type-page","status-publish","has-post-thumbnail","hentry"],"yoast_head":"<!-- This site is optimized with the Yoast SEO plugin v22.5 - https:\/\/yoast.com\/wordpress\/plugins\/seo\/ -->\n<title>Kancelaria Rachunkowa Ma\u0142gorzata Bochnia - Kancelaria Rachunkowa Ma\u0142gorzata Bochnia<\/title>\n<meta name=\"description\" content=\"Kancelaria Rachunkowa Ma\u0142gorzata Bochnia - audyt, sprawozdania finansowe, doradztwo podatkowe, ksi\u0119gowo\u015b\u0107, controling, ocena projekt\u00f3w inwestycyjnych, ceny transferowe, rozliczenia specjalnych stref gospodarczych, \u015brodki unijne, doradztwo gospodarcze, kadry i p\u0142ace\" \/>\n<meta name=\"robots\" content=\"index, follow, max-snippet:-1, max-image-preview:large, max-video-preview:-1\" \/>\n<link rel=\"canonical\" href=\"https:\/\/bochniakancelaria.pl\/\" \/>\n<meta property=\"og:locale\" content=\"en_US\" \/>\n<meta property=\"og:type\" content=\"article\" \/>\n<meta property=\"og:title\" content=\"Kancelaria Rachunkowa Ma\u0142gorzata Bochnia - Kancelaria Rachunkowa Ma\u0142gorzata Bochnia\" \/>\n<meta property=\"og:description\" content=\"Kancelaria Rachunkowa Ma\u0142gorzata Bochnia - audyt, sprawozdania finansowe, doradztwo podatkowe, ksi\u0119gowo\u015b\u0107, controling, ocena projekt\u00f3w inwestycyjnych, ceny transferowe, rozliczenia specjalnych stref gospodarczych, \u015brodki unijne, doradztwo gospodarcze, kadry i p\u0142ace\" \/>\n<meta property=\"og:url\" content=\"https:\/\/bochniakancelaria.pl\/\" \/>\n<meta property=\"og:site_name\" content=\"Kancelaria Rachunkowa Ma\u0142gorzata Bochnia\" \/>\n<meta property=\"article:modified_time\" content=\"2024-04-23T09:01:14+00:00\" \/>\n<meta property=\"og:image\" content=\"https:\/\/bochniakancelaria.pl\/wp-content\/uploads\/2024\/04\/cropped-abacus_logo.png\" \/>\n\t<meta property=\"og:image:width\" content=\"512\" \/>\n\t<meta property=\"og:image:height\" content=\"512\" \/>\n\t<meta property=\"og:image:type\" content=\"image\/png\" \/>\n<meta name=\"twitter:card\" content=\"summary_large_image\" \/>\n<meta name=\"twitter:label1\" content=\"Est. reading time\" \/>\n\t<meta name=\"twitter:data1\" content=\"3 minutes\" \/>\n<script type=\"application\/ld+json\" class=\"yoast-schema-graph\">{\"@context\":\"https:\/\/schema.org\",\"@graph\":[{\"@type\":\"WebPage\",\"@id\":\"https:\/\/bochniakancelaria.pl\/\",\"url\":\"https:\/\/bochniakancelaria.pl\/\",\"name\":\"Kancelaria Rachunkowa Ma\u0142gorzata Bochnia - Kancelaria Rachunkowa Ma\u0142gorzata Bochnia\",\"isPartOf\":{\"@id\":\"https:\/\/bochniakancelaria.pl\/#website\"},\"primaryImageOfPage\":{\"@id\":\"https:\/\/bochniakancelaria.pl\/#primaryimage\"},\"image\":{\"@id\":\"https:\/\/bochniakancelaria.pl\/#primaryimage\"},\"thumbnailUrl\":\"http:\/\/bochniakancelaria.pl\/wp-content\/uploads\/2024\/04\/cropped-abacus_logo.png\",\"datePublished\":\"2023-02-27T09:03:43+00:00\",\"dateModified\":\"2024-04-23T09:01:14+00:00\",\"description\":\"Kancelaria Rachunkowa Ma\u0142gorzata Bochnia - audyt, sprawozdania finansowe, doradztwo podatkowe, ksi\u0119gowo\u015b\u0107, controling, ocena projekt\u00f3w inwestycyjnych, ceny transferowe, rozliczenia specjalnych stref gospodarczych, \u015brodki unijne, doradztwo gospodarcze, kadry i p\u0142ace\",\"breadcrumb\":{\"@id\":\"https:\/\/bochniakancelaria.pl\/#breadcrumb\"},\"inLanguage\":\"en-US\",\"potentialAction\":[{\"@type\":\"ReadAction\",\"target\":[\"https:\/\/bochniakancelaria.pl\/\"]}]},{\"@type\":\"ImageObject\",\"inLanguage\":\"en-US\",\"@id\":\"https:\/\/bochniakancelaria.pl\/#primaryimage\",\"url\":\"http:\/\/bochniakancelaria.pl\/wp-content\/uploads\/2024\/04\/cropped-abacus_logo.png\",\"contentUrl\":\"http:\/\/bochniakancelaria.pl\/wp-content\/uploads\/2024\/04\/cropped-abacus_logo.png\",\"width\":512,\"height\":512},{\"@type\":\"BreadcrumbList\",\"@id\":\"https:\/\/bochniakancelaria.pl\/#breadcrumb\",\"itemListElement\":[{\"@type\":\"ListItem\",\"position\":1,\"name\":\"Home\",\"item\":\"https:\/\/bochniakancelaria.pl\/\"},{\"@type\":\"ListItem\",\"position\":2,\"name\":\"Kancelaria Rachunkowa Ma\u0142gorzata Bochnia\"}]},{\"@type\":\"WebSite\",\"@id\":\"https:\/\/bochniakancelaria.pl\/#website\",\"url\":\"https:\/\/bochniakancelaria.pl\/\",\"name\":\"Kancelaria Rachunkowa Ma\u0142gorzata Bochnia\",\"description\":\"Audyt, doradztwo podatkowe, sprawozdania finansowe, ksi\u0119gowo\u015b\u0107\",\"publisher\":{\"@id\":\"https:\/\/bochniakancelaria.pl\/#organization\"},\"potentialAction\":[{\"@type\":\"SearchAction\",\"target\":{\"@type\":\"EntryPoint\",\"urlTemplate\":\"https:\/\/bochniakancelaria.pl\/?s={search_term_string}\"},\"query-input\":\"required name=search_term_string\"}],\"inLanguage\":\"en-US\"},{\"@type\":\"Organization\",\"@id\":\"https:\/\/bochniakancelaria.pl\/#organization\",\"name\":\"Kancelaria Rachunkowa Ma\u0142gorzata Bochnia\",\"url\":\"https:\/\/bochniakancelaria.pl\/\",\"logo\":{\"@type\":\"ImageObject\",\"inLanguage\":\"en-US\",\"@id\":\"https:\/\/bochniakancelaria.pl\/#\/schema\/logo\/image\/\",\"url\":\"http:\/\/bochniakancelaria.pl\/wp-content\/uploads\/2024\/04\/cropped-abacus_logo.png\",\"contentUrl\":\"http:\/\/bochniakancelaria.pl\/wp-content\/uploads\/2024\/04\/cropped-abacus_logo.png\",\"width\":512,\"height\":512,\"caption\":\"Kancelaria Rachunkowa Ma\u0142gorzata Bochnia\"},\"image\":{\"@id\":\"https:\/\/bochniakancelaria.pl\/#\/schema\/logo\/image\/\"}}]}<\/script>\n<!-- \/ Yoast SEO plugin. -->","yoast_head_json":{"title":"Kancelaria Rachunkowa Ma\u0142gorzata Bochnia - Kancelaria Rachunkowa Ma\u0142gorzata Bochnia","description":"Kancelaria Rachunkowa Ma\u0142gorzata Bochnia - audyt, sprawozdania finansowe, doradztwo podatkowe, ksi\u0119gowo\u015b\u0107, controling, ocena projekt\u00f3w inwestycyjnych, ceny transferowe, rozliczenia specjalnych stref gospodarczych, \u015brodki unijne, doradztwo gospodarcze, kadry i p\u0142ace","robots":{"index":"index","follow":"follow","max-snippet":"max-snippet:-1","max-image-preview":"max-image-preview:large","max-video-preview":"max-video-preview:-1"},"canonical":"https:\/\/bochniakancelaria.pl\/","og_locale":"en_US","og_type":"article","og_title":"Kancelaria Rachunkowa Ma\u0142gorzata Bochnia - Kancelaria Rachunkowa Ma\u0142gorzata Bochnia","og_description":"Kancelaria Rachunkowa Ma\u0142gorzata Bochnia - audyt, sprawozdania finansowe, doradztwo podatkowe, ksi\u0119gowo\u015b\u0107, controling, ocena projekt\u00f3w inwestycyjnych, ceny transferowe, rozliczenia specjalnych stref gospodarczych, \u015brodki unijne, doradztwo gospodarcze, kadry i p\u0142ace","og_url":"https:\/\/bochniakancelaria.pl\/","og_site_name":"Kancelaria Rachunkowa Ma\u0142gorzata Bochnia","article_modified_time":"2024-04-23T09:01:14+00:00","og_image":[{"width":512,"height":512,"url":"https:\/\/bochniakancelaria.pl\/wp-content\/uploads\/2024\/04\/cropped-abacus_logo.png","type":"image\/png"}],"twitter_card":"summary_large_image","twitter_misc":{"Est. reading time":"3 minutes"},"schema":{"@context":"https:\/\/schema.org","@graph":[{"@type":"WebPage","@id":"https:\/\/bochniakancelaria.pl\/","url":"https:\/\/bochniakancelaria.pl\/","name":"Kancelaria Rachunkowa Ma\u0142gorzata Bochnia - Kancelaria Rachunkowa Ma\u0142gorzata Bochnia","isPartOf":{"@id":"https:\/\/bochniakancelaria.pl\/#website"},"primaryImageOfPage":{"@id":"https:\/\/bochniakancelaria.pl\/#primaryimage"},"image":{"@id":"https:\/\/bochniakancelaria.pl\/#primaryimage"},"thumbnailUrl":"http:\/\/bochniakancelaria.pl\/wp-content\/uploads\/2024\/04\/cropped-abacus_logo.png","datePublished":"2023-02-27T09:03:43+00:00","dateModified":"2024-04-23T09:01:14+00:00","description":"Kancelaria Rachunkowa Ma\u0142gorzata Bochnia - audyt, sprawozdania finansowe, doradztwo podatkowe, ksi\u0119gowo\u015b\u0107, controling, ocena projekt\u00f3w inwestycyjnych, ceny transferowe, rozliczenia specjalnych stref gospodarczych, \u015brodki unijne, doradztwo gospodarcze, kadry i p\u0142ace","breadcrumb":{"@id":"https:\/\/bochniakancelaria.pl\/#breadcrumb"},"inLanguage":"en-US","potentialAction":[{"@type":"ReadAction","target":["https:\/\/bochniakancelaria.pl\/"]}]},{"@type":"ImageObject","inLanguage":"en-US","@id":"https:\/\/bochniakancelaria.pl\/#primaryimage","url":"http:\/\/bochniakancelaria.pl\/wp-content\/uploads\/2024\/04\/cropped-abacus_logo.png","contentUrl":"http:\/\/bochniakancelaria.pl\/wp-content\/uploads\/2024\/04\/cropped-abacus_logo.png","width":512,"height":512},{"@type":"BreadcrumbList","@id":"https:\/\/bochniakancelaria.pl\/#breadcrumb","itemListElement":[{"@type":"ListItem","position":1,"name":"Home","item":"https:\/\/bochniakancelaria.pl\/"},{"@type":"ListItem","position":2,"name":"Kancelaria Rachunkowa Ma\u0142gorzata Bochnia"}]},{"@type":"WebSite","@id":"https:\/\/bochniakancelaria.pl\/#website","url":"https:\/\/bochniakancelaria.pl\/","name":"Kancelaria Rachunkowa Ma\u0142gorzata Bochnia","description":"Audyt, doradztwo podatkowe, sprawozdania finansowe, ksi\u0119gowo\u015b\u0107","publisher":{"@id":"https:\/\/bochniakancelaria.pl\/#organization"},"potentialAction":[{"@type":"SearchAction","target":{"@type":"EntryPoint","urlTemplate":"https:\/\/bochniakancelaria.pl\/?s={search_term_string}"},"query-input":"required name=search_term_string"}],"inLanguage":"en-US"},{"@type":"Organization","@id":"https:\/\/bochniakancelaria.pl\/#organization","name":"Kancelaria Rachunkowa Ma\u0142gorzata Bochnia","url":"https:\/\/bochniakancelaria.pl\/","logo":{"@type":"ImageObject","inLanguage":"en-US","@id":"https:\/\/bochniakancelaria.pl\/#\/schema\/logo\/image\/","url":"http:\/\/bochniakancelaria.pl\/wp-content\/uploads\/2024\/04\/cropped-abacus_logo.png","contentUrl":"http:\/\/bochniakancelaria.pl\/wp-content\/uploads\/2024\/04\/cropped-abacus_logo.png","width":512,"height":512,"caption":"Kancelaria Rachunkowa Ma\u0142gorzata Bochnia"},"image":{"@id":"https:\/\/bochniakancelaria.pl\/#\/schema\/logo\/image\/"}}]}},"_links":{"self":[{"href":"http:\/\/bochniakancelaria.pl\/index.php?rest_route=\/wp\/v2\/pages\/845","targetHints":{"allow":["GET"]}}],"collection":[{"href":"http:\/\/bochniakancelaria.pl\/index.php?rest_route=\/wp\/v2\/pages"}],"about":[{"href":"http:\/\/bochniakancelaria.pl\/index.php?rest_route=\/wp\/v2\/types\/page"}],"author":[{"embeddable":true,"href":"http:\/\/bochniakancelaria.pl\/index.php?rest_route=\/wp\/v2\/users\/2"}],"replies":[{"embeddable":true,"href":"http:\/\/bochniakancelaria.pl\/index.php?rest_route=%2Fwp%2Fv2%2Fcomments&post=845"}],"version-history":[{"count":44,"href":"http:\/\/bochniakancelaria.pl\/index.php?rest_route=\/wp\/v2\/pages\/845\/revisions"}],"predecessor-version":[{"id":1148,"href":"http:\/\/bochniakancelaria.pl\/index.php?rest_route=\/wp\/v2\/pages\/845\/revisions\/1148"}],"wp:featuredmedia":[{"embeddable":true,"href":"http:\/\/bochniakancelaria.pl\/index.php?rest_route=\/wp\/v2\/media\/18"}],"wp:attachment":[{"href":"http:\/\/bochniakancelaria.pl\/index.php?rest_route=%2Fwp%2Fv2%2Fmedia&parent=845"}],"curies":[{"name":"wp","href":"https:\/\/api.w.org\/{rel}","templated":true}]}}